{"id":118,"date":"2014-07-15T18:58:00","date_gmt":"2014-07-15T16:58:00","guid":{"rendered":"https:\/\/bajkowydworek.com\/zlobek\/?page_id=118"},"modified":"2015-05-19T15:58:00","modified_gmt":"2015-05-19T13:58:00","slug":"bezpieczenstwo","status":"publish","type":"page","link":"https:\/\/bajkowydworek.com\/zlobek\/?page_id=118","title":{"rendered":"Bezpiecze\u0144stwo"},"content":{"rendered":"<p>Szanowni Rodzice,<\/p>\n<p>Uprzejmie informujemy, \u017ce w Bajkowym Dworku zosta\u0142\u00a0\u00a0zamontowany monitoring. Nowa inwestycja z pewno\u015bci\u0105 przyczyni si\u0119 do wzrostu bezpiecze\u0144stwa Pa\u0144stwa pociech. Monitoring wizyjny obejmuje swoim zasi\u0119giem zar\u00f3wno wn\u0119trze przedszkola jak i plac parkingowy.\u00a0\u00a0Niebawem zostan\u0105 zainstalowane r\u00f3wnie\u017c kamery monitoruj\u0105ce plac zabaw dla dzieci starszych i dla dzieci ucz\u0119szczaj\u0105cych do \u017c\u0142obka.<\/p>\n<hr \/>\n<p>Bezpiecze\u0144stwo dzieci przebywaj\u0105cych w \u017c\u0142obku Bajkowy Dworek jest dla nas spraw\u0105 kluczow\u0105. Zdajemy sobie spraw\u0119, \u017ce powierzacie nam Pa\u0144stwo swoje najwi\u0119ksze skarby, dlatego zdecydowali\u015bmy si\u0119 na kompleksowe zabezpieczenie zar\u00f3wno budynku \u017c\u0142obka\u00a0jak r\u00f3wnie\u017c terenu wok\u00f3\u0142 niego.<\/p>\n<p>W tym celu zostan\u0105 zastosowane nast\u0119puj\u0105ce elementy technicznego zabezpieczenia:<\/p>\n<ul>\n<li>Kontrola dost\u0119pu zainstalowana przy drzwiach wej\u015bciowych do budynku<\/li>\n<li>Domofon zainstalowany przy drzwiach wej\u015bciowych<\/li>\n<li>System alarmowy zabezpieczaj\u0105cy budynek wraz z systemem przywo\u0142ania grupy interwencyjnej agencji ochrony patroluj\u0105cej na terenie miasta<\/li>\n<\/ul>\n<p>Realizacja ca\u0142o\u015bci projektu ochrony oraz wykonanie zabezpiecze\u0144 technicznych zosta\u0142a powierzona Agencji Ochrony EFEKT WAR \u2013MA.<\/p>\n","protected":false},"excerpt":{"rendered":"<p>Szanowni Rodzice, Uprzejmie informujemy, \u017ce w Bajkowym Dworku zosta\u0142\u00a0\u00a0zamontowany monitoring. Nowa inwestycja z pewno\u015bci\u0105 przyczyni si\u0119 do wzrostu bezpiecze\u0144stwa Pa\u0144stwa pociech. Monitoring wizyjny obejmuje swoim zasi\u0119giem zar\u00f3wno wn\u0119trze przedszkola jak i plac parkingowy.\u00a0\u00a0Niebawem zostan\u0105 zainstalowane r\u00f3wnie\u017c kamery monitoruj\u0105ce plac zabaw dla dzieci starszych i dla dzieci ucz\u0119szczaj\u0105cych do \u017c\u0142obka. Bezpiecze\u0144stwo dzieci przebywaj\u0105cych w \u017c\u0142obku Bajkowy [&hellip;]<\/p>\n","protected":false},"author":1,"featured_media":0,"parent":0,"menu_order":0,"comment_status":"closed","ping_status":"open","template":"szablon-tekstowa-submenu.php","meta":{"ngg_post_thumbnail":0,"footnotes":""},"class_list":["post-118","page","type-page","status-publish","hentry"],"_links":{"self":[{"href":"https:\/\/bajkowydworek.com\/zlobek\/index.php?rest_route=\/wp\/v2\/pages\/118","targetHints":{"allow":["GET"]}}],"collection":[{"href":"https:\/\/bajkowydworek.com\/zlobek\/index.php?rest_route=\/wp\/v2\/pages"}],"about":[{"href":"https:\/\/bajkowydworek.com\/zlobek\/index.php?rest_route=\/wp\/v2\/types\/page"}],"author":[{"embeddable":true,"href":"https:\/\/bajkowydworek.com\/zlobek\/index.php?rest_route=\/wp\/v2\/users\/1"}],"replies":[{"embeddable":true,"href":"https:\/\/bajkowydworek.com\/zlobek\/index.php?rest_route=%2Fwp%2Fv2%2Fcomments&post=118"}],"version-history":[{"count":5,"href":"https:\/\/bajkowydworek.com\/zlobek\/index.php?rest_route=\/wp\/v2\/pages\/118\/revisions"}],"predecessor-version":[{"id":469,"href":"https:\/\/bajkowydworek.com\/zlobek\/index.php?rest_route=\/wp\/v2\/pages\/118\/revisions\/469"}],"wp:attachment":[{"href":"https:\/\/bajkowydworek.com\/zlobek\/index.php?rest_route=%2Fwp%2Fv2%2Fmedia&parent=118"}],"curies":[{"name":"wp","href":"https:\/\/api.w.org\/{rel}","templated":true}]}}