{"id":116,"date":"2014-07-15T18:57:29","date_gmt":"2014-07-15T16:57:29","guid":{"rendered":"https:\/\/bajkowydworek.com\/zlobek\/?page_id=116"},"modified":"2014-07-17T08:46:57","modified_gmt":"2014-07-17T06:46:57","slug":"biblioteka","status":"publish","type":"page","link":"https:\/\/bajkowydworek.com\/zlobek\/?page_id=116","title":{"rendered":"Biblioteka"},"content":{"rendered":"<p><strong>Uprzejmie informujemy, i\u017c przedszkolna\u00a0<\/strong><strong>biblioteczka wzbogaci\u0142a si\u0119 o kolejne pozycje.\u00a0<\/strong><strong>Zapraszamy zainteresowanych Rodzic\u00f3w do\u00a0<\/strong><strong>korzystania z naszego ksi\u0119gozbioru.\u00a0<\/strong><strong>Opr\u00f3cz ksi\u0105\u017cek polecamy piosenki\u00a0<\/strong><strong>i wiersze nagrane na p\u0142ytach CD.\u00a0<\/strong><strong>Wykaz dost\u0119pnych pozycji przedstawiamy poni\u017cej.<\/strong><\/p>\n<p>1. Zrozum swojego przedszkolaka- Corinne Aves<br \/>\n2. I ty mo\u017cesz mie\u0107 super dziecko- Dorota Zawadzka<br \/>\n3. Dziadkowie na medal- Phi Williams<br \/>\n4. Rozw\u00f3j psychiczny dziecka od 0 do 10 lat- Frances L. IIg. Louise Bates Ames Sidney M. Baker<br \/>\n5. M\u0105dra mi\u0142o\u015b\u0107- -Jak wychowa\u0107 dzieci ucz\u0105c je odpowiedzialno\u015bci \u2013 Betty N. Chase<br \/>\n6. 100 sekret\u00f3w szcz\u0119\u015bliwych rodzin- David Niven<br \/>\n7. Jak m\u00f3wi\u0107 , \u017ceby dzieci nas s\u0142ucha\u0142y-Jak s\u0142ucha\u0107, \u017ceby dzieci do nas m\u00f3wi\u0142y- Adele Faber, Elaine Mazlish<br \/>\n8. 10 b\u0142\u0119d\u00f3w pope\u0142nianych przez dobrych rodzic\u00f3w- Kevin Steede<br \/>\n9. Moje dziecko ma ADHD- Heike Kovacs, Birgit Kaltenthaler<br \/>\n10. \u017bycie samotnego rodzica 50 praktycznych rad- dr. Barry G. Ginsberg<br \/>\n11.\u017bywienie dzieci- Halina Wo\u015b, Anna Staszewska Kwak<br \/>\n12. Zdrowe jedzenie dla zdrowych dzieci- Bridget Swinney<br \/>\n13. Kuchnia alergik\u00f3w- Barbara Jakimowicz- Klein<br \/>\n14. Smaczne dania dla dzieci w wykonaniu pomys\u0142owych mam- Stephanie de Turckheim<br \/>\n15. Jak zach\u0119ci\u0107 dzieci do jedzenia warzyw- Karen Bali, Saly Child<br \/>\n16. Dieta bezglutenowa i bezmleczna dla dzieci i doros\u0142ych- Jadwiga Rujner, Barbara A. Cicha\u0144ska<br \/>\n17. Smacznego! Spos\u00f3b na ma\u0142ego niejadka- Catherine Atkinson<br \/>\n18. Dzieciaki do kuchni czyli rodzinne gotowanie- Beata Lipov<br \/>\n19. Poradnik przedszkolaka- grzeczno\u015b\u0107 i dobre s\u0142owa- Marta Ry\u0144ska<br \/>\n20. 365 gier i zabaw- wydawnictwa REA<br \/>\n21. Witajcie w przedszkolu- Ingrig Keller, Jutta Garbert<br \/>\n22. Podr\u0119cznik dobrych manier dla dzieci- praktyczne porady na ka\u017cdy dzie\u0144 \u2013 Fernanda Bianchero Torasso<br \/>\n23. Biblia przedszkolaka- Juliet David<br \/>\n24. Bajnutek &#8211; piosenki dla dzieci-pod patronem Fundacji Urszuli Jaworskiej)<br \/>\n25. A ja nie chc\u0119 spa\u0107- Ania Broda \u2013 piosenki dla dzieci<br \/>\n26.\u017byrafa Aldona- idzie do przedszkola- Marzanna Graff- Oszczepali\u0144ska<br \/>\n27. \u015awi\u0105teczne zamieszanie- Marzanna Graff- Oszczepali\u0144ska<br \/>\n28. Przygoda Ma\u0107ka Anio\u0142a- Marzanna Graff- Oszczepali\u0144ska<br \/>\n29. Takie co\u015b i wielkie serce- Marzanna Graff- Oszczepali\u0144ska<br \/>\n30. Bajki Marzanki- Marzanna Graff- Oszczepali\u0144ska<br \/>\n31. Ksi\u0105\u017cka kucharska dla dzieci- Joanna Krzy\u017canek(tom I, II, III)<br \/>\n32. Ba\u015bnie- Hans Ch. Andersen<br \/>\n33. Mam gen wolno\u015bci- Jerzy Ciechanowski<br \/>\n34. Smaki i przysmaki- Hanna Gryka\u0142awska<\/p>\n","protected":false},"excerpt":{"rendered":"<p>Uprzejmie informujemy, i\u017c przedszkolna\u00a0biblioteczka wzbogaci\u0142a si\u0119 o kolejne pozycje.\u00a0Zapraszamy zainteresowanych Rodzic\u00f3w do\u00a0korzystania z naszego ksi\u0119gozbioru.\u00a0Opr\u00f3cz ksi\u0105\u017cek polecamy piosenki\u00a0i wiersze nagrane na p\u0142ytach CD.\u00a0Wykaz dost\u0119pnych pozycji przedstawiamy poni\u017cej. 1. Zrozum swojego przedszkolaka- Corinne Aves 2. I ty mo\u017cesz mie\u0107 super dziecko- Dorota Zawadzka 3. Dziadkowie na medal- Phi Williams 4. Rozw\u00f3j psychiczny dziecka od 0 do [&hellip;]<\/p>\n","protected":false},"author":1,"featured_media":0,"parent":0,"menu_order":0,"comment_status":"closed","ping_status":"open","template":"szablon-tekstowa-submenu.php","meta":{"ngg_post_thumbnail":0,"footnotes":""},"class_list":["post-116","page","type-page","status-publish","hentry"],"_links":{"self":[{"href":"https:\/\/bajkowydworek.com\/zlobek\/index.php?rest_route=\/wp\/v2\/pages\/116","targetHints":{"allow":["GET"]}}],"collection":[{"href":"https:\/\/bajkowydworek.com\/zlobek\/index.php?rest_route=\/wp\/v2\/pages"}],"about":[{"href":"https:\/\/bajkowydworek.com\/zlobek\/index.php?rest_route=\/wp\/v2\/types\/page"}],"author":[{"embeddable":true,"href":"https:\/\/bajkowydworek.com\/zlobek\/index.php?rest_route=\/wp\/v2\/users\/1"}],"replies":[{"embeddable":true,"href":"https:\/\/bajkowydworek.com\/zlobek\/index.php?rest_route=%2Fwp%2Fv2%2Fcomments&post=116"}],"version-history":[{"count":2,"href":"https:\/\/bajkowydworek.com\/zlobek\/index.php?rest_route=\/wp\/v2\/pages\/116\/revisions"}],"predecessor-version":[{"id":171,"href":"https:\/\/bajkowydworek.com\/zlobek\/index.php?rest_route=\/wp\/v2\/pages\/116\/revisions\/171"}],"wp:attachment":[{"href":"https:\/\/bajkowydworek.com\/zlobek\/index.php?rest_route=%2Fwp%2Fv2%2Fmedia&parent=116"}],"curies":[{"name":"wp","href":"https:\/\/api.w.org\/{rel}","templated":true}]}}