{"id":114,"date":"2014-07-15T18:56:50","date_gmt":"2014-07-15T16:56:50","guid":{"rendered":"https:\/\/bajkowydworek.com\/zlobek\/?page_id=114"},"modified":"2014-07-17T08:26:38","modified_gmt":"2014-07-17T06:26:38","slug":"porady","status":"publish","type":"page","link":"https:\/\/bajkowydworek.com\/zlobek\/?page_id=114","title":{"rendered":"Porady"},"content":{"rendered":"<p><strong>Rady dla rodzic\u00f3w<\/strong><\/p>\n<p>Nie przeci\u0105gaj po\u017cegnania w szatni, pom\u00f3\u017c dziecku rozebra\u0107 si\u0119, poca\u0142uj je i wyjd\u017a;<\/p>\n<p>Nie zabieraj dziecka do domu, kiedy p\u0142acze przy rozstaniu; je\u015bli zrobisz to cho\u0107 raz, b\u0119dzie wiedzia\u0142o, \u017ce \u0142zami mo\u017cna wszystko wymusi\u0107;<\/p>\n<p>Nie obiecuj: je\u015bli p\u00f3jdziesz do \u017c\u0142obka, to co\u015b dostaniesz; kiedy b\u0119dziesz odbiera\u0107 dziecko, mozesz da\u0107 mu male\u0144ki prezencik, ale nie mo\u017ce by\u0107 to forma przekupywania;<\/p>\n<p>Kontroluj si\u0119, co m\u00f3wisz. Zamiast: ju\u017c mo\u017cemy wraca\u0107 do domu, powiedz: teraz mo\u017cemy i\u015b\u0107 do domu. To niby niewielka r\u00f3\u017cnica, a jednak pierwsze zdanie ma negatywny wyd\u017awi\u0119k;<\/p>\n<p>Nie wymuszaj na dziecku, \u017ceby zaraz po przyj\u015bciu do domu opowiedzia\u0142o co wydarzy\u0142o si\u0119 w \u017c\u0142obku, to powoduje niepotrzebny stres;<\/p>\n<p>Je\u015bli dziecko przy po\u017cegnaniu p\u0142acze, staraj si\u0119, \u017ceby przez kilka dni odprowadza\u0142 je do \u017c\u0142obka\u00a0tato, rozstania z tat\u0105 s\u0105 mniej bolesne;<\/p>\n<p>Pamietaj: \u017cegnaj i witaj swoje dziecko zawsze z u\u015bmiechem!<\/p>\n<p>Nie posy\u0142aj do \u017c\u0142obka\u00a0dziecka, kt\u00f3re nigdy nie rozstawa\u0142o si\u0119 z mam\u0105;<\/p>\n<p>Nie sp\u00f3\u017aniaj si\u0119, je\u015bli obieca\u0142a\u015b np. \u017ce odbierzesz malucha zaraz po obiadku tak musi by\u0107;<\/p>\n<p>Nie pytaj codziennie co dzi\u015b jad\u0142 i czy wszystko zosta\u0142o zjedzone;<\/p>\n<p>Nie pot\u0119piaj dziecka, m\u00f3wi\u0105c: \u201ePrzez ciebie sp\u00f3\u017ani\u0119 si\u0119 do pracy\u201d;<\/p>\n<p>Nie strasz \u017c\u0142obkiem\u00a0powtarzaj\u0105c np.\u201dNie chcesz posprz\u0105ta\u0107 zabawek? W \u017c\u0142obku\u00a0b\u0119dziesz musia\u0142 to robi\u0107\u201d;<\/p>\n<p>Nie ubieraj malca w ciasne ubranka albo takie, kt\u00f3re trudno w\u0142o\u017cy\u0107 i zdj\u0105\u0107;<\/p>\n<p>Nie zagl\u0105daj do sali ju\u017c po po\u017cegnaniu z dzieckiem. Gdy malec zauwa\u017cy mam\u0119 lub tat\u0119 znowu zacznie p\u0142aka\u0107;<\/p>\n","protected":false},"excerpt":{"rendered":"<p>Rady dla rodzic\u00f3w Nie przeci\u0105gaj po\u017cegnania w szatni, pom\u00f3\u017c dziecku rozebra\u0107 si\u0119, poca\u0142uj je i wyjd\u017a; Nie zabieraj dziecka do domu, kiedy p\u0142acze przy rozstaniu; je\u015bli zrobisz to cho\u0107 raz, b\u0119dzie wiedzia\u0142o, \u017ce \u0142zami mo\u017cna wszystko wymusi\u0107; Nie obiecuj: je\u015bli p\u00f3jdziesz do \u017c\u0142obka, to co\u015b dostaniesz; kiedy b\u0119dziesz odbiera\u0107 dziecko, mozesz da\u0107 mu male\u0144ki prezencik, [&hellip;]<\/p>\n","protected":false},"author":1,"featured_media":0,"parent":0,"menu_order":0,"comment_status":"closed","ping_status":"open","template":"szablon-tekstowa-submenu.php","meta":{"ngg_post_thumbnail":0,"footnotes":""},"class_list":["post-114","page","type-page","status-publish","hentry"],"_links":{"self":[{"href":"https:\/\/bajkowydworek.com\/zlobek\/index.php?rest_route=\/wp\/v2\/pages\/114","targetHints":{"allow":["GET"]}}],"collection":[{"href":"https:\/\/bajkowydworek.com\/zlobek\/index.php?rest_route=\/wp\/v2\/pages"}],"about":[{"href":"https:\/\/bajkowydworek.com\/zlobek\/index.php?rest_route=\/wp\/v2\/types\/page"}],"author":[{"embeddable":true,"href":"https:\/\/bajkowydworek.com\/zlobek\/index.php?rest_route=\/wp\/v2\/users\/1"}],"replies":[{"embeddable":true,"href":"https:\/\/bajkowydworek.com\/zlobek\/index.php?rest_route=%2Fwp%2Fv2%2Fcomments&post=114"}],"version-history":[{"count":4,"href":"https:\/\/bajkowydworek.com\/zlobek\/index.php?rest_route=\/wp\/v2\/pages\/114\/revisions"}],"predecessor-version":[{"id":165,"href":"https:\/\/bajkowydworek.com\/zlobek\/index.php?rest_route=\/wp\/v2\/pages\/114\/revisions\/165"}],"wp:attachment":[{"href":"https:\/\/bajkowydworek.com\/zlobek\/index.php?rest_route=%2Fwp%2Fv2%2Fmedia&parent=114"}],"curies":[{"name":"wp","href":"https:\/\/api.w.org\/{rel}","templated":true}]}}