{"id":342,"date":"2014-08-12T22:12:29","date_gmt":"2014-08-12T20:12:29","guid":{"rendered":"https:\/\/bajkowydworek.com\/przedszkole\/?page_id=342"},"modified":"2024-07-05T13:40:25","modified_gmt":"2024-07-05T11:40:25","slug":"bezpieczenstwo-2","status":"publish","type":"page","link":"https:\/\/bajkowydworek.com\/przedszkole\/?page_id=342","title":{"rendered":"Bezpiecze\u0144stwo"},"content":{"rendered":"<p style=\"color: #8e8b8b;\">Szanowni Rodzice,<\/p>\n<p>Uprzejmie informujemy, \u017ce w Bajkowym Dworku zosta\u0142\u00a0\u00a0zamontowany monitoring. Nowa inwestycja z pewno\u015bci\u0105 przyczyni si\u0119 do wzrostu bezpiecze\u0144stwa Pa\u0144stwa pociech. Monitoring wizyjny obejmuje swoim zasi\u0119giem zar\u00f3wno wn\u0119trze przedszkola jak i plac parkingowy.\u00a0\u00a0Niebawem zostan\u0105 zainstalowane r\u00f3wnie\u017c kamery monitoruj\u0105ce plac zabaw dla dzieci starszych i dla dzieci ucz\u0119szczaj\u0105cych do \u017c\u0142obka.<\/p>\n<hr \/>\n<p>Bezpiecze\u0144stwo dzieci przebywaj\u0105cych w przedszkolu\u00a0Bajkowy Dworek jest dla nas spraw\u0105 kluczow\u0105. Zdajemy sobie spraw\u0119, \u017ce powierzacie nam Pa\u0144stwo swoje najwi\u0119ksze skarby, dlatego zdecydowali\u015bmy si\u0119 na kompleksowe zabezpieczenie zar\u00f3wno budynku przedszkola\u00a0jak r\u00f3wnie\u017c terenu wok\u00f3\u0142 niego.<\/p>\n<p style=\"color: #8e8b8b;\">W tym celu zostan\u0105 zastosowane nast\u0119puj\u0105ce elementy technicznego zabezpieczenia:<\/p>\n<ul style=\"color: #8e8b8b;\">\n<li>Kontrola dost\u0119pu zainstalowana przy drzwiach wej\u015bciowych do budynku<\/li>\n<li>Domofon zainstalowany przy drzwiach wej\u015bciowych<\/li>\n<li>System alarmowy zabezpieczaj\u0105cy budynek wraz z systemem przywo\u0142ania grupy interwencyjnej agencji ochrony patroluj\u0105cej na terenie miasta<\/li>\n<\/ul>\n<p style=\"color: #8e8b8b;\">Realizacja ca\u0142o\u015bci projektu ochrony oraz wykonanie zabezpiecze\u0144 technicznych zosta\u0142a powierzona Agencji Ochrony EFEKT WAR \u2013MA.<\/p>\n","protected":false},"excerpt":{"rendered":"<p>Szanowni Rodzice, Uprzejmie informujemy, \u017ce w Bajkowym Dworku zosta\u0142\u00a0\u00a0zamontowany monitoring. Nowa inwestycja z pewno\u015bci\u0105 przyczyni si\u0119 do wzrostu bezpiecze\u0144stwa Pa\u0144stwa pociech. Monitoring wizyjny obejmuje swoim zasi\u0119giem zar\u00f3wno wn\u0119trze przedszkola jak i plac parkingowy.\u00a0\u00a0Niebawem zostan\u0105 zainstalowane r\u00f3wnie\u017c kamery monitoruj\u0105ce plac zabaw dla dzieci starszych i dla dzieci ucz\u0119szczaj\u0105cych do \u017c\u0142obka. Bezpiecze\u0144stwo dzieci przebywaj\u0105cych w przedszkolu\u00a0Bajkowy Dworek [&hellip;]<\/p>\n","protected":false},"author":1,"featured_media":0,"parent":20,"menu_order":0,"comment_status":"closed","ping_status":"closed","template":"szablon-tekstowa-submenu.php","meta":{"_uag_custom_page_level_css":"","ngg_post_thumbnail":0,"footnotes":""},"class_list":["post-342","page","type-page","status-publish","hentry"],"uagb_featured_image_src":{"full":false,"thumbnail":false,"medium":false,"medium_large":false,"large":false,"1536x1536":false,"2048x2048":false,"post-thumbnail":false},"uagb_author_info":{"display_name":"Bajkowy Dworek","author_link":"https:\/\/bajkowydworek.com\/przedszkole\/?author=1"},"uagb_comment_info":0,"uagb_excerpt":"Szanowni Rodzice, Uprzejmie informujemy, \u017ce w Bajkowym Dworku zosta\u0142\u00a0\u00a0zamontowany monitoring. Nowa inwestycja z pewno\u015bci\u0105 przyczyni si\u0119 do wzrostu bezpiecze\u0144stwa Pa\u0144stwa pociech. Monitoring wizyjny obejmuje swoim zasi\u0119giem zar\u00f3wno wn\u0119trze przedszkola jak i plac parkingowy.\u00a0\u00a0Niebawem zostan\u0105 zainstalowane r\u00f3wnie\u017c kamery monitoruj\u0105ce plac zabaw dla dzieci starszych i dla dzieci ucz\u0119szczaj\u0105cych do \u017c\u0142obka. Bezpiecze\u0144stwo dzieci przebywaj\u0105cych w przedszkolu\u00a0Bajkowy Dworek&hellip;","_links":{"self":[{"href":"https:\/\/bajkowydworek.com\/przedszkole\/index.php?rest_route=\/wp\/v2\/pages\/342","targetHints":{"allow":["GET"]}}],"collection":[{"href":"https:\/\/bajkowydworek.com\/przedszkole\/index.php?rest_route=\/wp\/v2\/pages"}],"about":[{"href":"https:\/\/bajkowydworek.com\/przedszkole\/index.php?rest_route=\/wp\/v2\/types\/page"}],"author":[{"embeddable":true,"href":"https:\/\/bajkowydworek.com\/przedszkole\/index.php?rest_route=\/wp\/v2\/users\/1"}],"replies":[{"embeddable":true,"href":"https:\/\/bajkowydworek.com\/przedszkole\/index.php?rest_route=%2Fwp%2Fv2%2Fcomments&post=342"}],"version-history":[{"count":5,"href":"https:\/\/bajkowydworek.com\/przedszkole\/index.php?rest_route=\/wp\/v2\/pages\/342\/revisions"}],"predecessor-version":[{"id":1925,"href":"https:\/\/bajkowydworek.com\/przedszkole\/index.php?rest_route=\/wp\/v2\/pages\/342\/revisions\/1925"}],"up":[{"embeddable":true,"href":"https:\/\/bajkowydworek.com\/przedszkole\/index.php?rest_route=\/wp\/v2\/pages\/20"}],"wp:attachment":[{"href":"https:\/\/bajkowydworek.com\/przedszkole\/index.php?rest_route=%2Fwp%2Fv2%2Fmedia&parent=342"}],"curies":[{"name":"wp","href":"https:\/\/api.w.org\/{rel}","templated":true}]}}