{"id":116,"date":"2014-07-15T18:57:29","date_gmt":"2014-07-15T16:57:29","guid":{"rendered":"https:\/\/bajkowydworek.com\/przedszkole\/?page_id=116"},"modified":"2024-07-05T13:40:25","modified_gmt":"2024-07-05T11:40:25","slug":"biblioteka","status":"publish","type":"page","link":"https:\/\/bajkowydworek.com\/przedszkole\/?page_id=116","title":{"rendered":"Dla dzieci"},"content":{"rendered":"<p>Zapraszamy do zabawy!<\/p>\n<p><a href=\"http:\/\/necio.pl\/\" target=\"_blank\" rel=\"noopener\">http:\/\/necio.pl\/<\/a><\/p>\n<p>Wi\u0119cej fajnych ston znajdziecie tak\u017ce w dzia\u0142ach kolorowanki i gry.<\/p>\n","protected":false},"excerpt":{"rendered":"<p>Zapraszamy do zabawy! http:\/\/necio.pl\/ Wi\u0119cej fajnych ston znajdziecie tak\u017ce w dzia\u0142ach kolorowanki i gry.<\/p>\n","protected":false},"author":1,"featured_media":0,"parent":0,"menu_order":0,"comment_status":"closed","ping_status":"open","template":"szablon-tekstowa-submenu.php","meta":{"_uag_custom_page_level_css":"","ngg_post_thumbnail":0,"footnotes":""},"class_list":["post-116","page","type-page","status-publish","hentry"],"uagb_featured_image_src":{"full":false,"thumbnail":false,"medium":false,"medium_large":false,"large":false,"1536x1536":false,"2048x2048":false,"post-thumbnail":false},"uagb_author_info":{"display_name":"Bajkowy Dworek","author_link":"https:\/\/bajkowydworek.com\/przedszkole\/?author=1"},"uagb_comment_info":0,"uagb_excerpt":"Zapraszamy do zabawy! http:\/\/necio.pl\/ Wi\u0119cej fajnych ston znajdziecie tak\u017ce w dzia\u0142ach kolorowanki i gry.","_links":{"self":[{"href":"https:\/\/bajkowydworek.com\/przedszkole\/index.php?rest_route=\/wp\/v2\/pages\/116","targetHints":{"allow":["GET"]}}],"collection":[{"href":"https:\/\/bajkowydworek.com\/przedszkole\/index.php?rest_route=\/wp\/v2\/pages"}],"about":[{"href":"https:\/\/bajkowydworek.com\/przedszkole\/index.php?rest_route=\/wp\/v2\/types\/page"}],"author":[{"embeddable":true,"href":"https:\/\/bajkowydworek.com\/przedszkole\/index.php?rest_route=\/wp\/v2\/users\/1"}],"replies":[{"embeddable":true,"href":"https:\/\/bajkowydworek.com\/przedszkole\/index.php?rest_route=%2Fwp%2Fv2%2Fcomments&post=116"}],"version-history":[{"count":5,"href":"https:\/\/bajkowydworek.com\/przedszkole\/index.php?rest_route=\/wp\/v2\/pages\/116\/revisions"}],"predecessor-version":[{"id":5353,"href":"https:\/\/bajkowydworek.com\/przedszkole\/index.php?rest_route=\/wp\/v2\/pages\/116\/revisions\/5353"}],"wp:attachment":[{"href":"https:\/\/bajkowydworek.com\/przedszkole\/index.php?rest_route=%2Fwp%2Fv2%2Fmedia&parent=116"}],"curies":[{"name":"wp","href":"https:\/\/api.w.org\/{rel}","templated":true}]}}