{"id":114,"date":"2014-07-15T18:56:50","date_gmt":"2014-07-15T16:56:50","guid":{"rendered":"https:\/\/bajkowydworek.com\/przedszkole\/?page_id=114"},"modified":"2024-07-05T13:40:26","modified_gmt":"2024-07-05T11:40:26","slug":"porady","status":"publish","type":"page","link":"https:\/\/bajkowydworek.com\/przedszkole\/?page_id=114","title":{"rendered":"Porady"},"content":{"rendered":"<p><strong>Rady dla rodzic\u00f3w<\/strong><\/p>\n<p>Nie przeci\u0105gaj po\u017cegnania w szatni, pom\u00f3\u017c dziecku rozebra\u0107 si\u0119, poca\u0142uj je i wyjd\u017a;<\/p>\n<p>Nie zabieraj dziecka do domu, kiedy p\u0142acze przy rozstaniu; je\u015bli zrobisz to cho\u0107 raz, b\u0119dzie wiedzia\u0142o, \u017ce \u0142zami mo\u017cna wszystko wymusi\u0107;<\/p>\n<p>Nie obiecuj: je\u015bli p\u00f3jdziesz do przedszkola, to co\u015b dostaniesz; kiedy b\u0119dziesz odbiera\u0107 dziecko, mo\u017cesz da\u0107 mu male\u0144ki prezencik, ale nie mo\u017ce by\u0107 to forma przekupywania;<\/p>\n<p>Kontroluj si\u0119, co m\u00f3wisz. Zamiast: ju\u017c mo\u017cemy wraca\u0107 do domu, powiedz: teraz mo\u017cemy i\u015b\u0107 do domu. To niby niewielka r\u00f3\u017cnica, a jednak pierwsze zdanie ma negatywny wyd\u017awi\u0119k;<\/p>\n<p>Nie wymuszaj na dziecku, \u017ceby zaraz po przyj\u015bciu do domu opowiedzia\u0142o co wydarzy\u0142o si\u0119 w przedszkolu, to powoduje niepotrzebny stres;<\/p>\n<p>Je\u015bli dziecko przy po\u017cegnaniu p\u0142acze, staraj si\u0119, \u017ceby przez kilka dni odprowadza\u0142 je do przedszkola\u00a0tato, rozstania z tat\u0105 s\u0105 mniej bolesne;<\/p>\n<p>Pami\u0119taj: \u017cegnaj i witaj swoje dziecko zawsze z u\u015bmiechem!<\/p>\n<p>Nie posy\u0142aj do przedszkola\u00a0dziecka, kt\u00f3re nigdy nie rozstawa\u0142o si\u0119 z mam\u0105;<\/p>\n<p>Nie sp\u00f3\u017aniaj si\u0119, je\u015bli obieca\u0142a\u015b np. \u017ce odbierzesz malucha zaraz po obiadku tak musi by\u0107;<\/p>\n<p>Nie pytaj codziennie co dzi\u015b jad\u0142 i czy wszystko zosta\u0142o zjedzone;<\/p>\n<p>Nie pot\u0119piaj dziecka, m\u00f3wi\u0105c: \u201ePrzez ciebie sp\u00f3\u017ani\u0119 si\u0119 do pracy\u201d;<\/p>\n<p>Nie strasz przedszkolem\u00a0powtarzaj\u0105c np.\u201dNie chcesz posprz\u0105ta\u0107 zabawek? W przedszkolu\u00a0b\u0119dziesz musia\u0142 to robi\u0107\u201d;<\/p>\n<p>Nie ubieraj malca w ciasne ubranka albo takie, kt\u00f3re trudno w\u0142o\u017cy\u0107 i zdj\u0105\u0107;<\/p>\n<p>Nie zagl\u0105daj do sali ju\u017c po po\u017cegnaniu z dzieckiem. Gdy malec zauwa\u017cy mam\u0119 lub tat\u0119 znowu zacznie p\u0142aka\u0107;<\/p>\n","protected":false},"excerpt":{"rendered":"<p>Rady dla rodzic\u00f3w Nie przeci\u0105gaj po\u017cegnania w szatni, pom\u00f3\u017c dziecku rozebra\u0107 si\u0119, poca\u0142uj je i wyjd\u017a; Nie zabieraj dziecka do domu, kiedy p\u0142acze przy rozstaniu; je\u015bli zrobisz to cho\u0107 raz, b\u0119dzie wiedzia\u0142o, \u017ce \u0142zami mo\u017cna wszystko wymusi\u0107; Nie obiecuj: je\u015bli p\u00f3jdziesz do przedszkola, to co\u015b dostaniesz; kiedy b\u0119dziesz odbiera\u0107 dziecko, mo\u017cesz da\u0107 mu male\u0144ki prezencik, [&hellip;]<\/p>\n","protected":false},"author":1,"featured_media":0,"parent":20,"menu_order":0,"comment_status":"closed","ping_status":"closed","template":"szablon-tekstowa-submenu.php","meta":{"_uag_custom_page_level_css":"","ngg_post_thumbnail":0,"footnotes":""},"class_list":["post-114","page","type-page","status-publish","hentry"],"uagb_featured_image_src":{"full":false,"thumbnail":false,"medium":false,"medium_large":false,"large":false,"1536x1536":false,"2048x2048":false,"post-thumbnail":false},"uagb_author_info":{"display_name":"Bajkowy Dworek","author_link":"https:\/\/bajkowydworek.com\/przedszkole\/?author=1"},"uagb_comment_info":0,"uagb_excerpt":"Rady dla rodzic\u00f3w Nie przeci\u0105gaj po\u017cegnania w szatni, pom\u00f3\u017c dziecku rozebra\u0107 si\u0119, poca\u0142uj je i wyjd\u017a; Nie zabieraj dziecka do domu, kiedy p\u0142acze przy rozstaniu; je\u015bli zrobisz to cho\u0107 raz, b\u0119dzie wiedzia\u0142o, \u017ce \u0142zami mo\u017cna wszystko wymusi\u0107; Nie obiecuj: je\u015bli p\u00f3jdziesz do przedszkola, to co\u015b dostaniesz; kiedy b\u0119dziesz odbiera\u0107 dziecko, mo\u017cesz da\u0107 mu male\u0144ki prezencik,&hellip;","_links":{"self":[{"href":"https:\/\/bajkowydworek.com\/przedszkole\/index.php?rest_route=\/wp\/v2\/pages\/114","targetHints":{"allow":["GET"]}}],"collection":[{"href":"https:\/\/bajkowydworek.com\/przedszkole\/index.php?rest_route=\/wp\/v2\/pages"}],"about":[{"href":"https:\/\/bajkowydworek.com\/przedszkole\/index.php?rest_route=\/wp\/v2\/types\/page"}],"author":[{"embeddable":true,"href":"https:\/\/bajkowydworek.com\/przedszkole\/index.php?rest_route=\/wp\/v2\/users\/1"}],"replies":[{"embeddable":true,"href":"https:\/\/bajkowydworek.com\/przedszkole\/index.php?rest_route=%2Fwp%2Fv2%2Fcomments&post=114"}],"version-history":[{"count":7,"href":"https:\/\/bajkowydworek.com\/przedszkole\/index.php?rest_route=\/wp\/v2\/pages\/114\/revisions"}],"predecessor-version":[{"id":378,"href":"https:\/\/bajkowydworek.com\/przedszkole\/index.php?rest_route=\/wp\/v2\/pages\/114\/revisions\/378"}],"up":[{"embeddable":true,"href":"https:\/\/bajkowydworek.com\/przedszkole\/index.php?rest_route=\/wp\/v2\/pages\/20"}],"wp:attachment":[{"href":"https:\/\/bajkowydworek.com\/przedszkole\/index.php?rest_route=%2Fwp%2Fv2%2Fmedia&parent=114"}],"curies":[{"name":"wp","href":"https:\/\/api.w.org\/{rel}","templated":true}]}}